{"id":2010,"date":"2023-09-22T13:25:52","date_gmt":"2023-09-22T11:25:52","guid":{"rendered":"https:\/\/marcucurella.com\/?page_id=2010"},"modified":"2024-01-29T17:50:55","modified_gmt":"2024-01-29T16:50:55","slug":"joyera-mar-cucurella","status":"publish","type":"page","link":"https:\/\/marcucurella.com\/ca\/joiera-mar-cucurella\/","title":{"rendered":"Joiera Mar Cucurella"},"content":{"rendered":"<div data-elementor-type=\"wp-page\" data-elementor-id=\"2010\" class=\"elementor elementor-2010\" data-elementor-post-type=\"page\">\n\t\t\t\t<div class=\"elementor-element elementor-element-5c22216 e-flex e-con-boxed e-con e-parent\" data-id=\"5c22216\" data-element_type=\"container\" data-settings=\"{&quot;background_background&quot;:&quot;classic&quot;}\">\n\t\t\t\t\t<div class=\"e-con-inner\">\n\t\t<div class=\"elementor-element elementor-element-401f368 e-flex e-con-boxed e-con e-child\" data-id=\"401f368\" data-element_type=\"container\">\n\t\t\t\t\t<div class=\"e-con-inner\">\n\t\t\t\t<div class=\"elementor-element elementor-element-36a40d7 elementor-widget elementor-widget-heading\" data-id=\"36a40d7\" data-element_type=\"widget\" data-widget_type=\"heading.default\">\n\t\t\t\t<div class=\"elementor-widget-container\">\n\t\t\t<h1 class=\"elementor-heading-title elementor-size-default\">Mar Cucurella<\/h1>\t\t<\/div>\n\t\t\t\t<\/div>\n\t\t\t\t\t<\/div>\n\t\t\t\t<\/div>\n\t\t<div class=\"elementor-element elementor-element-aa65766 e-flex e-con-boxed e-con e-child\" data-id=\"aa65766\" data-element_type=\"container\">\n\t\t\t\t\t<div class=\"e-con-inner\">\n\t\t\t\t<div class=\"elementor-element elementor-element-1b50f9f animated-slow elementor-absolute elementor-invisible elementor-widget elementor-widget-image\" data-id=\"1b50f9f\" data-element_type=\"widget\" data-settings=\"{&quot;motion_fx_motion_fx_mouse&quot;:&quot;yes&quot;,&quot;motion_fx_mouseTrack_effect&quot;:&quot;yes&quot;,&quot;motion_fx_mouseTrack_speed&quot;:{&quot;unit&quot;:&quot;px&quot;,&quot;size&quot;:0.2,&quot;sizes&quot;:[]},&quot;_animation&quot;:&quot;fadeIn&quot;,&quot;_animation_delay&quot;:300,&quot;_position&quot;:&quot;absolute&quot;}\" data-widget_type=\"image.default\">\n\t\t\t\t<div class=\"elementor-widget-container\">\n\t\t\t\t\t\t\t\t\t\t\t\t\t<img fetchpriority=\"high\" decoding=\"async\" width=\"512\" height=\"512\" src=\"https:\/\/marcucurella.com\/wp-content\/uploads\/2023\/09\/cropped-cercles-2.png\" class=\"attachment-full size-full wp-image-3424\" alt=\"\" srcset=\"https:\/\/marcucurella.com\/wp-content\/uploads\/2023\/09\/cropped-cercles-2.png 512w, https:\/\/marcucurella.com\/wp-content\/uploads\/2023\/09\/cropped-cercles-2-300x300.png 300w, https:\/\/marcucurella.com\/wp-content\/uploads\/2023\/09\/cropped-cercles-2-150x150.png 150w, https:\/\/marcucurella.com\/wp-content\/uploads\/2023\/09\/cropped-cercles-2-12x12.png 12w, https:\/\/marcucurella.com\/wp-content\/uploads\/2023\/09\/cropped-cercles-2-100x100.png 100w, https:\/\/marcucurella.com\/wp-content\/uploads\/2023\/09\/cropped-cercles-2-270x270.png 270w, https:\/\/marcucurella.com\/wp-content\/uploads\/2023\/09\/cropped-cercles-2-192x192.png 192w, https:\/\/marcucurella.com\/wp-content\/uploads\/2023\/09\/cropped-cercles-2-180x180.png 180w, https:\/\/marcucurella.com\/wp-content\/uploads\/2023\/09\/cropped-cercles-2-32x32.png 32w\" sizes=\"(max-width: 512px) 100vw, 512px\" \/>\t\t\t\t\t\t\t\t\t\t\t\t\t<\/div>\n\t\t\t\t<\/div>\n\t\t\t\t<div class=\"elementor-element elementor-element-31e920c elementor-absolute elementor-widget elementor-widget-image\" data-id=\"31e920c\" data-element_type=\"widget\" data-settings=\"{&quot;_position&quot;:&quot;absolute&quot;}\" data-widget_type=\"image.default\">\n\t\t\t\t<div class=\"elementor-widget-container\">\n\t\t\t\t\t\t\t\t\t\t\t\t\t<img decoding=\"async\" width=\"500\" height=\"500\" src=\"https:\/\/marcucurella.com\/wp-content\/uploads\/2024\/01\/mar-cucurella.jpg\" class=\"attachment-large size-large wp-image-5697\" alt=\"\" srcset=\"https:\/\/marcucurella.com\/wp-content\/uploads\/2024\/01\/mar-cucurella.jpg 500w, https:\/\/marcucurella.com\/wp-content\/uploads\/2024\/01\/mar-cucurella-300x300.jpg 300w, https:\/\/marcucurella.com\/wp-content\/uploads\/2024\/01\/mar-cucurella-150x150.jpg 150w, https:\/\/marcucurella.com\/wp-content\/uploads\/2024\/01\/mar-cucurella-12x12.jpg 12w, https:\/\/marcucurella.com\/wp-content\/uploads\/2024\/01\/mar-cucurella-100x100.jpg 100w\" sizes=\"(max-width: 500px) 100vw, 500px\" \/>\t\t\t\t\t\t\t\t\t\t\t\t\t<\/div>\n\t\t\t\t<\/div>\n\t\t\t\t\t<\/div>\n\t\t\t\t<\/div>\n\t\t\t\t\t<\/div>\n\t\t\t\t<\/div>\n\t\t<div class=\"elementor-element elementor-element-5a62172 e-flex e-con-boxed e-con e-parent\" data-id=\"5a62172\" data-element_type=\"container\">\n\t\t\t\t\t<div class=\"e-con-inner\">\n\t\t\t\t<div class=\"elementor-element elementor-element-aa84e24 elementor-widget elementor-widget-text-editor\" data-id=\"aa84e24\" data-element_type=\"widget\" data-widget_type=\"text-editor.default\">\n\t\t\t\t<div class=\"elementor-widget-container\">\n\t\t\t\t\t\t\t<p>Als meus records d&#039;inf\u00e0ncia hi ha l&#039;emoci\u00f3 d&#039;anar a l&#039;estudi on els pares tenien el seu taller de joieria. Serrant, colpejant amb el martell i intentant soldar sense fer-me mal: aix\u00ed \u00e9s com vaig cr\u00e9ixer, corrent d&#039;un rac\u00f3 a un altre i jugant a ser joiera. Va ser molts anys m\u00e9s tard i, despr\u00e9s d&#039;haver-me dedicat a una altra professi\u00f3, que la joieria va apar\u00e8ixer de nou a la meva vida per quedar-se. Col\u00b7laborar amb els nous dissenys com sempre ja no n&#039;hi havia prou, aix\u00ed que vaig prendre el relleu del taller familiar. Era l&#039;any 2009. Des d&#039;aleshores he tingut la sort d&#039;aprendre amb el pare, mestre artes\u00e0, i tamb\u00e9 de manera autodidacta amb assaig i error. Cada dia \u00e9s una nova oportunitat per crear, amb una infinitat de possibilitats per endavant.<\/p><p>Al nostre taller, petit i familiar, realitzem tot el proc\u00e9s per crear una joia: des de la part creativa tra\u00e7ant esbossos i experimentant amb material i textures, als primers prototips que evolucionen fins a arribar a la pe\u00e7a final. Volem que la persona que es posa una joia la senti, la gaudeixi i s&#039;empoderi. Creiem en el poder de l&#039;ofici, aquell que ens atorga en el moment que fem una joia.<\/p>\t\t\t\t\t\t<\/div>\n\t\t\t\t<\/div>\n\t\t\t\t\t<\/div>\n\t\t\t\t<\/div>\n\t\t<div class=\"elementor-element elementor-element-c40826b e-flex e-con-boxed e-con e-parent\" data-id=\"c40826b\" data-element_type=\"container\">\n\t\t\t\t\t<div class=\"e-con-inner\">\n\t\t\t\t<div class=\"elementor-element elementor-element-0dd48f5 elementor-widget elementor-widget-gallery\" data-id=\"0dd48f5\" data-element_type=\"widget\" data-settings=\"{&quot;gallery_layout&quot;:&quot;justified&quot;,&quot;lazyload&quot;:&quot;yes&quot;,&quot;ideal_row_height&quot;:{&quot;unit&quot;:&quot;px&quot;,&quot;size&quot;:200,&quot;sizes&quot;:[]},&quot;ideal_row_height_tablet&quot;:{&quot;unit&quot;:&quot;px&quot;,&quot;size&quot;:150,&quot;sizes&quot;:[]},&quot;ideal_row_height_mobile&quot;:{&quot;unit&quot;:&quot;px&quot;,&quot;size&quot;:150,&quot;sizes&quot;:[]},&quot;gap&quot;:{&quot;unit&quot;:&quot;px&quot;,&quot;size&quot;:10,&quot;sizes&quot;:[]},&quot;gap_tablet&quot;:{&quot;unit&quot;:&quot;px&quot;,&quot;size&quot;:10,&quot;sizes&quot;:[]},&quot;gap_mobile&quot;:{&quot;unit&quot;:&quot;px&quot;,&quot;size&quot;:10,&quot;sizes&quot;:[]},&quot;link_to&quot;:&quot;file&quot;,&quot;overlay_background&quot;:&quot;yes&quot;,&quot;content_hover_animation&quot;:&quot;fade-in&quot;}\" data-widget_type=\"gallery.default\">\n\t\t\t\t<div class=\"elementor-widget-container\">\n\t\t\t\t\t<div class=\"elementor-gallery__container\">\n\t\t\t\t\t\t\t<a class=\"e-gallery-item elementor-gallery-item elementor-animated-content\" href=\"https:\/\/marcucurella.com\/wp-content\/uploads\/2024\/01\/IMG-5826-1-1.png\" data-elementor-open-lightbox=\"yes\" data-elementor-lightbox-slideshow=\"0dd48f5\" data-elementor-lightbox-title=\"IMG-5826 1\" data-e-action-hash=\"#elementor-action%3Aaction%3Dlightbox%26settings%3DeyJpZCI6NTYwOCwidXJsIjoiaHR0cHM6XC9cL21hcmN1Y3VyZWxsYS5jb21cL3dwLWNvbnRlbnRcL3VwbG9hZHNcLzIwMjRcLzAxXC9JTUctNTgyNi0xLTEucG5nIiwic2xpZGVzaG93IjoiMGRkNDhmNSJ9\">\n\t\t\t\t\t<div class=\"e-gallery-image elementor-gallery-item__image\" data-thumbnail=\"https:\/\/marcucurella.com\/wp-content\/uploads\/2024\/01\/IMG-5826-1-1-300x176.png\" data-width=\"300\" data-height=\"176\" aria-label=\"\" role=\"img\" ><\/div>\n\t\t\t\t\t\t\t\t\t\t\t<div class=\"elementor-gallery-item__overlay\"><\/div>\n\t\t\t\t\t\t\t\t\t\t\t\t\t\t<\/a>\n\t\t\t\t\t\t\t<a class=\"e-gallery-item elementor-gallery-item elementor-animated-content\" href=\"https:\/\/marcucurella.com\/wp-content\/uploads\/2024\/01\/IMG_5833-2.png\" data-elementor-open-lightbox=\"yes\" data-elementor-lightbox-slideshow=\"0dd48f5\" data-elementor-lightbox-title=\"IMG_5833-2\" data-e-action-hash=\"#elementor-action%3Aaction%3Dlightbox%26settings%3DeyJpZCI6NTYwNSwidXJsIjoiaHR0cHM6XC9cL21hcmN1Y3VyZWxsYS5jb21cL3dwLWNvbnRlbnRcL3VwbG9hZHNcLzIwMjRcLzAxXC9JTUdfNTgzMy0yLnBuZyIsInNsaWRlc2hvdyI6IjBkZDQ4ZjUifQ%3D%3D\">\n\t\t\t\t\t<div class=\"e-gallery-image elementor-gallery-item__image\" data-thumbnail=\"https:\/\/marcucurella.com\/wp-content\/uploads\/2024\/01\/IMG_5833-2-300x136.png\" data-width=\"300\" data-height=\"136\" aria-label=\"\" role=\"img\" ><\/div>\n\t\t\t\t\t\t\t\t\t\t\t<div class=\"elementor-gallery-item__overlay\"><\/div>\n\t\t\t\t\t\t\t\t\t\t\t\t\t\t<\/a>\n\t\t\t\t\t\t\t<a class=\"e-gallery-item elementor-gallery-item elementor-animated-content\" href=\"https:\/\/marcucurella.com\/wp-content\/uploads\/2024\/01\/IMG_5831-2.png\" data-elementor-open-lightbox=\"yes\" data-elementor-lightbox-slideshow=\"0dd48f5\" data-elementor-lightbox-title=\"IMG_5831-2\" data-e-action-hash=\"#elementor-action%3Aaction%3Dlightbox%26settings%3DeyJpZCI6NTYwNCwidXJsIjoiaHR0cHM6XC9cL21hcmN1Y3VyZWxsYS5jb21cL3dwLWNvbnRlbnRcL3VwbG9hZHNcLzIwMjRcLzAxXC9JTUdfNTgzMS0yLnBuZyIsInNsaWRlc2hvdyI6IjBkZDQ4ZjUifQ%3D%3D\">\n\t\t\t\t\t<div class=\"e-gallery-image elementor-gallery-item__image\" data-thumbnail=\"https:\/\/marcucurella.com\/wp-content\/uploads\/2024\/01\/IMG_5831-2-300x138.png\" data-width=\"300\" data-height=\"138\" aria-label=\"\" role=\"img\" ><\/div>\n\t\t\t\t\t\t\t\t\t\t\t<div class=\"elementor-gallery-item__overlay\"><\/div>\n\t\t\t\t\t\t\t\t\t\t\t\t\t\t<\/a>\n\t\t\t\t\t<\/div>\n\t\t\t<\/div>\n\t\t\t\t<\/div>\n\t\t\t\t\t<\/div>\n\t\t\t\t<\/div>\n\t\t\t\t<\/div>","protected":false},"excerpt":{"rendered":"<p>Mar Cucurella Als meus records d&#039;inf\u00e0ncia hi ha l&#039;emoci\u00f3 d&#039;anar a l&#039;estudi on els pares tenien el seu taller de joieria. Serrant, colpejant amb el martell i intentant soldar sense fer-me mal: aix\u00ed \u00e9s com vaig cr\u00e9ixer, corrent d&#039;un rac\u00f3 a un altre i jugant a ser joiera. Va ser molts anys m\u00e9s tard i, despr\u00e9s [\u2026]<\/p>","protected":false},"author":1,"featured_media":0,"parent":0,"menu_order":0,"comment_status":"closed","ping_status":"closed","template":"","meta":{"rank_math_lock_modified_date":false,"site-sidebar-layout":"no-sidebar","site-content-layout":"","ast-site-content-layout":"full-width-container","site-content-style":"default","site-sidebar-style":"default","ast-global-header-display":"","ast-banner-title-visibility":"","ast-main-header-display":"","ast-hfb-above-header-display":"","ast-hfb-below-header-display":"","ast-hfb-mobile-header-display":"","site-post-title":"disabled","ast-breadcrumbs-content":"","ast-featured-img":"disabled","footer-sml-layout":"","theme-transparent-header-meta":"","adv-header-id-meta":"","stick-header-meta":"","header-above-stick-meta":"","header-main-stick-meta":"","header-below-stick-meta":"","astra-migrate-meta-layouts":"default","ast-page-background-enabled":"default","ast-page-background-meta":{"desktop":{"background-color":"var(--ast-global-color-4)","background-image":"","background-repeat":"repeat","background-position":"center center","background-size":"auto","background-attachment":"scroll","background-type":"","background-media":"","overlay-type":"","overlay-color":"","overlay-opacity":"","overlay-gradient":""},"tablet":{"background-color":"","background-image":"","background-repeat":"repeat","background-position":"center center","background-size":"auto","background-attachment":"scroll","background-type":"","background-media":"","overlay-type":"","overlay-color":"","overlay-opacity":"","overlay-gradient":""},"mobile":{"background-color":"","background-image":"","background-repeat":"repeat","background-position":"center center","background-size":"auto","background-attachment":"scroll","background-type":"","background-media":"","overlay-type":"","overlay-color":"","overlay-opacity":"","overlay-gradient":""}},"ast-content-background-meta":{"desktop":{"background-color":"var(--ast-global-color-5)","background-image":"","background-repeat":"repeat","background-position":"center center","background-size":"auto","background-attachment":"scroll","background-type":"","background-media":"","overlay-type":"","overlay-color":"","overlay-opacity":"","overlay-gradient":""},"tablet":{"background-color":"var(--ast-global-color-5)","background-image":"","background-repeat":"repeat","background-position":"center center","background-size":"auto","background-attachment":"scroll","background-type":"","background-media":"","overlay-type":"","overlay-color":"","overlay-opacity":"","overlay-gradient":""},"mobile":{"background-color":"var(--ast-global-color-5)","background-image":"","background-repeat":"repeat","background-position":"center center","background-size":"auto","background-attachment":"scroll","background-type":"","background-media":"","overlay-type":"","overlay-color":"","overlay-opacity":"","overlay-gradient":""}},"_joinchat":[],"footnotes":""},"class_list":["post-2010","page","type-page","status-publish","hentry"],"_links":{"self":[{"href":"https:\/\/marcucurella.com\/ca\/wp-json\/wp\/v2\/pages\/2010","targetHints":{"allow":["GET"]}}],"collection":[{"href":"https:\/\/marcucurella.com\/ca\/wp-json\/wp\/v2\/pages"}],"about":[{"href":"https:\/\/marcucurella.com\/ca\/wp-json\/wp\/v2\/types\/page"}],"author":[{"embeddable":true,"href":"https:\/\/marcucurella.com\/ca\/wp-json\/wp\/v2\/users\/1"}],"replies":[{"embeddable":true,"href":"https:\/\/marcucurella.com\/ca\/wp-json\/wp\/v2\/comments?post=2010"}],"version-history":[{"count":67,"href":"https:\/\/marcucurella.com\/ca\/wp-json\/wp\/v2\/pages\/2010\/revisions"}],"predecessor-version":[{"id":5728,"href":"https:\/\/marcucurella.com\/ca\/wp-json\/wp\/v2\/pages\/2010\/revisions\/5728"}],"wp:attachment":[{"href":"https:\/\/marcucurella.com\/ca\/wp-json\/wp\/v2\/media?parent=2010"}],"curies":[{"name":"wp","href":"https:\/\/api.w.org\/{rel}","templated":true}]}}