{"id":5085,"date":"2024-01-12T18:48:44","date_gmt":"2024-01-12T17:48:44","guid":{"rendered":"https:\/\/marcucurella.com\/?page_id=5085"},"modified":"2024-01-22T16:00:11","modified_gmt":"2024-01-22T15:00:11","slug":"aviso-legal","status":"publish","type":"page","link":"https:\/\/marcucurella.com\/ca\/avis-legal\/","title":{"rendered":"Av\u00eds Legal"},"content":{"rendered":"<div data-elementor-type=\"wp-page\" data-elementor-id=\"5085\" class=\"elementor elementor-5085\" data-elementor-post-type=\"page\">\n\t\t\t\t<div class=\"elementor-element elementor-element-88cd5ac e-flex e-con-boxed e-con e-parent\" data-id=\"88cd5ac\" data-element_type=\"container\" data-settings=\"{&quot;background_background&quot;:&quot;classic&quot;}\">\n\t\t\t\t\t<div class=\"e-con-inner\">\n\t\t\t\t<div class=\"elementor-element elementor-element-35f94ac elementor-widget elementor-widget-heading\" data-id=\"35f94ac\" data-element_type=\"widget\" data-widget_type=\"heading.default\">\n\t\t\t\t<div class=\"elementor-widget-container\">\n\t\t\t<h1 class=\"elementor-heading-title elementor-size-default\">Av\u00eds Legal<\/h1>\t\t<\/div>\n\t\t\t\t<\/div>\n\t\t\t\t<div class=\"elementor-element elementor-element-a539c83 elementor-widget elementor-widget-text-editor\" data-id=\"a539c83\" data-element_type=\"widget\" data-widget_type=\"text-editor.default\">\n\t\t\t\t<div class=\"elementor-widget-container\">\n\t\t\t\t\t\t\t<p><span style=\"font-weight: 400;\">Est\u00e0s en un espai comprom\u00e8s amb els drets dels usuaris i per ra\u00f3, tindr\u00e0s m\u00e0xima transpar\u00e8ncia i rigor sobretot que necessites saber sobre aquesta web.<\/span><\/p>\n<p><span style=\"font-weight: 400;\">Aquest web compleix rigorosament amb la Llei Org\u00e0nica 3\/2018, del 5 de desembre, de Protecci\u00f3 de Dades Personals i garantia dels drets digitals (LOPDGDD). Compleix tamb\u00e9 amb el Reglament (UE) 2016\/679 del Parlament Europeu i del Consell de 27 d&#039;abril del 2016 relatiu a la protecci\u00f3 de les persones f\u00edsiques (RGPD), aix\u00ed com amb la Llei 34\/2002, d&#039;11 de juliol, de Servicis de la Societat de la Informaci\u00f3 i Comer\u00e7 Electr\u00f2nic (LSSICE o LSSI).<\/span><\/p>\n<p><span style=\"font-weight: 400;\">Els serveis i\/o productes estan disponibles nom\u00e9s per a persones jur\u00eddiques i persones que tinguin 16 anys.<\/span><\/p>\n<h4><b>Identificador del responsable de la web<\/b><\/h4>\n<p><b>Denominaci\u00f3 social<\/b><span style=\"font-weight: 400;\">:<\/span> <i><span style=\"font-weight: 400;\">Mar Cucurella<\/span><\/i><\/p>\n<p><b>CIF\/NIF<\/b><span style=\"font-weight: 400;\">:<\/span> <i><span style=\"font-weight: 400;\">38111421F<\/span><\/i><\/p>\n<p><b>Correu electr\u00f2nic<\/b><span style=\"font-weight: 400;\">:<\/span> <i><span style=\"font-weight: 400;\">taller@marcucurella.com<\/span><\/i><\/p>\n<p><b>Domicili social<\/b><span style=\"font-weight: 400;\">:<\/span> <i><span style=\"font-weight: 400;\">Pla\u00e7a d&#039;en Creus 2,local 2. 08241 Manresa<\/span><\/i><span style=\"font-weight: 400;\">&nbsp;&nbsp;&nbsp;&nbsp;&nbsp;<\/span><\/p>\n<p><b>La seva activitat social \u00e9s:<\/b> <i><span style=\"font-weight: 400;\">Taller de Joieria<\/span><\/i><\/p>\n<p><b>N\u00fam. de registre mercantil:<\/b> <i><span style=\"font-weight: 400;\">{DADES COMPLETES DEL REGISTRE}<\/span><\/i><\/p>\n<h6><b>Et preocupen les dades personals?<\/b><\/h6>\n<p><span style=\"font-weight: 400;\">Llegir \u201c<\/span><a href=\"https:\/\/marcucurella.com\/ca\/politica-de-privadesa\/\"><span style=\"font-weight: 400;\">Pol\u00edtica de Privadesa<\/span><\/a><span style=\"font-weight: 400;\">\u00bb&nbsp;<\/span><\/p>\n<h4><b>Compromisos i obligacions dels usuaris&nbsp;<\/b><\/h4>\n<p><span style=\"font-weight: 400;\">L&#039;usuari queda informat, i accepta, que l&#039;acc\u00e9s a la present web no suposa, de cap manera, l&#039;inici d&#039;una relaci\u00f3 comercial amb <\/span><span style=\"font-weight: 400;\">Mar Cucurella<\/span><span style=\"font-weight: 400;\">. D&#039;aquesta manera, l&#039;usuari es compromet a utilitzar el lloc web, els serveis i els continguts sense contravenir la legislaci\u00f3 vigent, la bona fe i l&#039;ordre p\u00fablic.<\/span><\/p>\n<p><span style=\"font-weight: 400;\">Queda prohibit l&#039;\u00fas del web, amb fins il\u00b7l\u00edcits o lesius, o que, de qualsevol manera, puguin causar perjudici o impedir el funcionament normal del lloc web. Pel que fa als continguts d&#039;aquesta web, es prohibeix:<\/span><\/p>\n<ul>\n<li style=\"font-weight: 400;\" aria-level=\"1\"><span style=\"font-weight: 400;\">La seva reproducci\u00f3, distribuci\u00f3 o modificaci\u00f3, total o parcial, llevat que es compti amb la meva autoritzaci\u00f3 com a leg\u00edtim titular.<\/span><\/li>\n<li style=\"font-weight: 400;\" aria-level=\"1\"><span style=\"font-weight: 400;\">Qualsevol vulneraci\u00f3 dels drets del prestador o de mi com a leg\u00edtim titular.<\/span><\/li>\n<li style=\"font-weight: 400;\" aria-level=\"1\"><span style=\"font-weight: 400;\">La seva utilitzaci\u00f3 per a fins comercials o publicitaris.<\/span><\/li>\n<\/ul>\n<p><span style=\"font-weight: 400;\">En la utilitzaci\u00f3 de la web <\/span><a href=\"https:\/\/marcucurella.com\/ca\/\"><span style=\"font-weight: 400;\">www.marcucurella.com<\/span><\/a><span style=\"font-weight: 400;\">&nbsp; l&#039;usuari es compromet a no dur a terme cap conducta que pogu\u00e9s fer malb\u00e9 la imatge, els interessos i els drets de <\/span><span style=\"font-weight: 400;\">Mar Cucurella<\/span><span style=\"font-weight: 400;\"> o de tercers o que pogu\u00e9s danyar, inutilitzar o sobrecarregar el portal <\/span><a href=\"https:\/\/marcucurella.com\/ca\/\"><span style=\"font-weight: 400;\">www.marcucurella.com<\/span><\/a><span style=\"font-weight: 400;\"> o que imped\u00eds, de qualsevol manera, la normal utilitzaci\u00f3 de la web.<\/span><\/p>\n<p><span style=\"font-weight: 400;\">Tot i aix\u00f2, l&#039;usuari ha de ser conscient que les mesures de seguretat dels sistemes inform\u00e0tics a Internet no s\u00f3n enterament fiables i que, per tant <\/span><a href=\"https:\/\/marcucurella.com\/ca\/\"><span style=\"font-weight: 400;\">www.marcucurella.com<\/span><\/a><span style=\"font-weight: 400;\">&nbsp; no pot garantir la inexist\u00e8ncia de codi malici\u00f3s o altres elements que puguin produir alteracions en els sistemes inform\u00e0tics (programari i maquinari) de l&#039;usuari o en els seus documents electr\u00f2nics i fitxers continguts en aquests, encara que hi poso tots els mitjans necessaris i les mesures de seguretat oportunes per evitar la pres\u00e8ncia daquests elements nocius.<\/span><\/p>\n<h4><b>Mesures de seguretat&nbsp;<\/b><\/h4>\n<p><span style=\"font-weight: 400;\">Les dades personals comunicades per l&#039;usuari a <\/span><span style=\"font-weight: 400;\">Mar Cucurella<\/span><span style=\"font-weight: 400;\"> poden ser emmagatzemats en bases de dades automatitzades o no, la titularitat de les quals correspon en exclusiva a <\/span><span style=\"font-weight: 400;\">Mar Cucurella,<\/span><span style=\"font-weight: 400;\"> assumint aquesta totes les mesures d&#039;\u00edndole t\u00e8cnica, organitzativa i de seguretat que garanteixen la confidencialitat, integritat i qualitat de la informaci\u00f3 que cont\u00e9 d&#039;acord amb el que estableix la normativa vigent en protecci\u00f3 de dades.&nbsp;<\/span><\/p>\n<p><span style=\"font-weight: 400;\">La comunicaci\u00f3 entre els usuaris i www.marcucurella.com utilitza un canal segur, i les dades transmeses s\u00f3n xifrades gr\u00e0cies a protocols a https, per tant, garanteixo les millors condicions de seguretat perqu\u00e8 la confidencialitat dels usuaris estigui garantida.<\/span><\/p>\n<h4><b>Plataforma de resoluci\u00f3 de conflictes<\/b><\/h4>\n<p><span style=\"font-weight: 400;\">Poso tamb\u00e9 a disposici\u00f3 dels usuaris la plataforma de resoluci\u00f3 de litigis que facilita la Comissi\u00f3 Europea i que es troba disponible al seg\u00fcent enlla\u00e7:<\/span><a href=\"about:blank\"> <i><span style=\"font-weight: 400;\">http:\/\/ec.europa.eu\/consumers\/odr\/<\/span><\/i><\/a><\/p>\n<h4><b>Exclusi\u00f3 de garanties i responsable<\/b><\/h4>\n<p><span style=\"font-weight: 400;\">Mar Cucurella<\/span><span style=\"font-weight: 400;\"> no atorga cap garantia ni es fa responsable, en cap cas, dels danys i perjudicis de qualsevol naturalesa que poguessin portar causa de:<\/span><\/p>\n<ul>\n<li style=\"font-weight: 400;\" aria-level=\"1\"><span style=\"font-weight: 400;\">La manca de disponibilitat, manteniment i efectiu funcionament de la web, o dels seus serveis i continguts.<\/span><\/li>\n<li style=\"font-weight: 400;\" aria-level=\"1\"><span style=\"font-weight: 400;\">L&#039;exist\u00e8ncia de codi malici\u00f3s (malware), programes maliciosos o lesius en els continguts.<\/span><\/li>\n<li style=\"font-weight: 400;\" aria-level=\"1\"><span style=\"font-weight: 400;\">L&#039;\u00fas il\u00b7l\u00edcit, negligent, fraudulent o contrari a aquest Av\u00eds Legal.<\/span><\/li>\n<li style=\"font-weight: 400;\" aria-level=\"1\"><span style=\"font-weight: 400;\">La manca de licitud, qualitat, fiabilitat, utilitat i disponibilitat dels serveis prestats per tercers i posats a disposici\u00f3 dels usuaris al lloc web.<\/span><\/li>\n<li style=\"font-weight: 400;\" aria-level=\"1\"><span style=\"font-weight: 400;\">El prestador no es fa responsable sota cap concepte dels danys que poguessin dimanar de l\u00fas il\u00b7legal o indegut de la present p\u00e0gina web.<\/span><\/li>\n<\/ul>\n<h5><b>&nbsp;Llei aplicable i jurisdicci\u00f3&nbsp;<\/b><\/h5>\n<p><span style=\"font-weight: 400;\">Amb car\u00e0cter general les relacions entre <\/span><span style=\"font-weight: 400;\">Mar Cucurella<\/span><span style=\"font-weight: 400;\"> amb els usuaris dels seus serveis telem\u00e0tics, presents en aquesta web es troben sotmeses a la legislaci\u00f3 i jurisdicci\u00f3 espanyoles i als tribunals de <\/span><span style=\"font-weight: 400;\">Barcelona.<\/span><\/p>\n<p><span style=\"font-weight: 400;\">En cas que qualsevol usuari tingu\u00e9s algun dubte sobre aquestes Condicions legals o qualsevol comentari sobre el portal <\/span><a href=\"https:\/\/marcucurella.com\/ca\/\"><span style=\"font-weight: 400;\">www.marcucurella.com<\/span><\/a><span style=\"font-weight: 400;\"> , si us plau dirigiu-vos a taller@marcucurella.com<\/span><span style=\"font-weight: 400;\">&nbsp;.<\/span><\/p>\n<p><span style=\"font-weight: 400;\">L&#039;av\u00eds legal ha estat actualitzat per darrera vegada el 4 Gener 2024<\/span><\/p>\t\t\t\t\t\t<\/div>\n\t\t\t\t<\/div>\n\t\t\t\t\t<\/div>\n\t\t\t\t<\/div>\n\t\t\t\t<\/div>","protected":false},"excerpt":{"rendered":"<p>Av\u00eds Legal Est\u00e0s en un espai comprom\u00e8s amb els drets dels seus usuaris i per ra\u00f3, tindr\u00e0s m\u00e0xima transpar\u00e8ncia i rigor sobretot que necessites saber sobre aquesta web. Aquest web compleix rigorosament amb la Llei Org\u00e0nica 3\/2018, del 5 de desembre, de Protecci\u00f3 de Dades Personals i garantia dels drets digitals (LOPDGDD). Compleix [\u2026]<\/p>","protected":false},"author":17,"featured_media":0,"parent":0,"menu_order":0,"comment_status":"closed","ping_status":"closed","template":"","meta":{"rank_math_lock_modified_date":false,"site-sidebar-layout":"no-sidebar","site-content-layout":"","ast-site-content-layout":"full-width-container","site-content-style":"default","site-sidebar-style":"default","ast-global-header-display":"","ast-banner-title-visibility":"","ast-main-header-display":"","ast-hfb-above-header-display":"","ast-hfb-below-header-display":"","ast-hfb-mobile-header-display":"","site-post-title":"disabled","ast-breadcrumbs-content":"","ast-featured-img":"disabled","footer-sml-layout":"","theme-transparent-header-meta":"","adv-header-id-meta":"","stick-header-meta":"","header-above-stick-meta":"","header-main-stick-meta":"","header-below-stick-meta":"","astra-migrate-meta-layouts":"default","ast-page-background-enabled":"default","ast-page-background-meta":{"desktop":{"background-color":"var(--ast-global-color-4)","background-image":"","background-repeat":"repeat","background-position":"center center","background-size":"auto","background-attachment":"scroll","background-type":"","background-media":"","overlay-type":"","overlay-color":"","overlay-opacity":"","overlay-gradient":""},"tablet":{"background-color":"","background-image":"","background-repeat":"repeat","background-position":"center center","background-size":"auto","background-attachment":"scroll","background-type":"","background-media":"","overlay-type":"","overlay-color":"","overlay-opacity":"","overlay-gradient":""},"mobile":{"background-color":"","background-image":"","background-repeat":"repeat","background-position":"center center","background-size":"auto","background-attachment":"scroll","background-type":"","background-media":"","overlay-type":"","overlay-color":"","overlay-opacity":"","overlay-gradient":""}},"ast-content-background-meta":{"desktop":{"background-color":"var(--ast-global-color-5)","background-image":"","background-repeat":"repeat","background-position":"center center","background-size":"auto","background-attachment":"scroll","background-type":"","background-media":"","overlay-type":"","overlay-color":"","overlay-opacity":"","overlay-gradient":""},"tablet":{"background-color":"var(--ast-global-color-5)","background-image":"","background-repeat":"repeat","background-position":"center center","background-size":"auto","background-attachment":"scroll","background-type":"","background-media":"","overlay-type":"","overlay-color":"","overlay-opacity":"","overlay-gradient":""},"mobile":{"background-color":"var(--ast-global-color-5)","background-image":"","background-repeat":"repeat","background-position":"center center","background-size":"auto","background-attachment":"scroll","background-type":"","background-media":"","overlay-type":"","overlay-color":"","overlay-opacity":"","overlay-gradient":""}},"_joinchat":[],"footnotes":""},"class_list":["post-5085","page","type-page","status-publish","hentry"],"_links":{"self":[{"href":"https:\/\/marcucurella.com\/ca\/wp-json\/wp\/v2\/pages\/5085","targetHints":{"allow":["GET"]}}],"collection":[{"href":"https:\/\/marcucurella.com\/ca\/wp-json\/wp\/v2\/pages"}],"about":[{"href":"https:\/\/marcucurella.com\/ca\/wp-json\/wp\/v2\/types\/page"}],"author":[{"embeddable":true,"href":"https:\/\/marcucurella.com\/ca\/wp-json\/wp\/v2\/users\/17"}],"replies":[{"embeddable":true,"href":"https:\/\/marcucurella.com\/ca\/wp-json\/wp\/v2\/comments?post=5085"}],"version-history":[{"count":13,"href":"https:\/\/marcucurella.com\/ca\/wp-json\/wp\/v2\/pages\/5085\/revisions"}],"predecessor-version":[{"id":5715,"href":"https:\/\/marcucurella.com\/ca\/wp-json\/wp\/v2\/pages\/5085\/revisions\/5715"}],"wp:attachment":[{"href":"https:\/\/marcucurella.com\/ca\/wp-json\/wp\/v2\/media?parent=5085"}],"curies":[{"name":"wp","href":"https:\/\/api.w.org\/{rel}","templated":true}]}}