{"id":1769,"date":"2023-07-23T20:37:27","date_gmt":"2023-07-23T18:37:27","guid":{"rendered":"https:\/\/marcucurella.com\/?post_type=product&#038;p=1769"},"modified":"2025-11-21T13:27:17","modified_gmt":"2025-11-21T12:27:17","slug":"pendiente-pluja-plata-oro","status":"publish","type":"product","link":"https:\/\/marcucurella.com\/ca\/joya\/pendent-lluvia-plata-or\/","title":{"rendered":"Arracada Pluja"},"content":{"rendered":"","protected":false},"excerpt":{"rendered":"<p>Col\u00b7lecci\u00f3 de plata i or de 24k aplicat mitjan\u00e7ant la t\u00e8cnica del Kum boo<\/p>","protected":false},"featured_media":1043,"comment_status":"open","ping_status":"closed","template":"","meta":{"rank_math_lock_modified_date":false,"site-sidebar-layout":"default","site-content-layout":"default","ast-site-content-layout":"","site-content-style":"default","site-sidebar-style":"default","ast-global-header-display":"","ast-banner-title-visibility":"","ast-main-header-display":"","ast-hfb-above-header-display":"","ast-hfb-below-header-display":"","ast-hfb-mobile-header-display":"","site-post-title":"","ast-breadcrumbs-content":"","ast-featured-img":"","footer-sml-layout":"","theme-transparent-header-meta":"default","adv-header-id-meta":"","stick-header-meta":"","header-above-stick-meta":"","header-main-stick-meta":"","header-below-stick-meta":"","astra-migrate-meta-layouts":"default","ast-page-background-enabled":"default","ast-page-background-meta":{"desktop":{"background-color":"var(--ast-global-color-4)","background-image":"","background-repeat":"repeat","background-position":"center center","background-size":"auto","background-attachment":"scroll","background-type":"","background-media":"","overlay-type":"","overlay-color":"","overlay-opacity":"","overlay-gradient":""},"tablet":{"background-color":"","background-image":"","background-repeat":"repeat","background-position":"center center","background-size":"auto","background-attachment":"scroll","background-type":"","background-media":"","overlay-type":"","overlay-color":"","overlay-opacity":"","overlay-gradient":""},"mobile":{"background-color":"","background-image":"","background-repeat":"repeat","background-position":"center center","background-size":"auto","background-attachment":"scroll","background-type":"","background-media":"","overlay-type":"","overlay-color":"","overlay-opacity":"","overlay-gradient":""}},"ast-content-background-meta":{"desktop":{"background-color":"var(--ast-global-color-5)","background-image":"","background-repeat":"repeat","background-position":"center center","background-size":"auto","background-attachment":"scroll","background-type":"","background-media":"","overlay-type":"","overlay-color":"","overlay-opacity":"","overlay-gradient":""},"tablet":{"background-color":"var(--ast-global-color-5)","background-image":"","background-repeat":"repeat","background-position":"center center","background-size":"auto","background-attachment":"scroll","background-type":"","background-media":"","overlay-type":"","overlay-color":"","overlay-opacity":"","overlay-gradient":""},"mobile":{"background-color":"var(--ast-global-color-5)","background-image":"","background-repeat":"repeat","background-position":"center center","background-size":"auto","background-attachment":"scroll","background-type":"","background-media":"","overlay-type":"","overlay-color":"","overlay-opacity":"","overlay-gradient":""}},"_joinchat":[]},"product_cat":[43],"product_tag":[],"colecciones":[157],"materials":[51],"class_list":{"0":"post-1769","1":"product","2":"type-product","3":"status-publish","4":"has-post-thumbnail","6":"product_cat-pendientes","7":"colecciones-coleccion-pluja-plata-oro","8":"materials-plata-oro","9":"desktop-align-left","10":"tablet-align-left","11":"mobile-align-left","12":"ast-product-gallery-layout-horizontal-slider","13":"ast-product-tabs-layout-horizontal","15":"first","16":"instock","17":"taxable","18":"shipping-taxable","19":"purchasable","20":"product-type-simple"},"_links":{"self":[{"href":"https:\/\/marcucurella.com\/ca\/wp-json\/wp\/v2\/product\/1769","targetHints":{"allow":["GET"]}}],"collection":[{"href":"https:\/\/marcucurella.com\/ca\/wp-json\/wp\/v2\/product"}],"about":[{"href":"https:\/\/marcucurella.com\/ca\/wp-json\/wp\/v2\/types\/product"}],"replies":[{"embeddable":true,"href":"https:\/\/marcucurella.com\/ca\/wp-json\/wp\/v2\/comments?post=1769"}],"version-history":[{"count":6,"href":"https:\/\/marcucurella.com\/ca\/wp-json\/wp\/v2\/product\/1769\/revisions"}],"predecessor-version":[{"id":6535,"href":"https:\/\/marcucurella.com\/ca\/wp-json\/wp\/v2\/product\/1769\/revisions\/6535"}],"wp:featuredmedia":[{"embeddable":true,"href":"https:\/\/marcucurella.com\/ca\/wp-json\/wp\/v2\/media\/1043"}],"wp:attachment":[{"href":"https:\/\/marcucurella.com\/ca\/wp-json\/wp\/v2\/media?parent=1769"}],"wp:term":[{"taxonomy":"product_cat","embeddable":true,"href":"https:\/\/marcucurella.com\/ca\/wp-json\/wp\/v2\/product_cat?post=1769"},{"taxonomy":"product_tag","embeddable":true,"href":"https:\/\/marcucurella.com\/ca\/wp-json\/wp\/v2\/product_tag?post=1769"},{"taxonomy":"colecciones","embeddable":true,"href":"https:\/\/marcucurella.com\/ca\/wp-json\/wp\/v2\/colecciones?post=1769"},{"taxonomy":"materials","embeddable":true,"href":"https:\/\/marcucurella.com\/ca\/wp-json\/wp\/v2\/materials?post=1769"}],"curies":[{"name":"wp","href":"https:\/\/api.w.org\/{rel}","templated":true}]}}